{"id":87,"date":"2026-01-14T08:54:25","date_gmt":"2026-01-14T08:54:25","guid":{"rendered":"https:\/\/centreliturgie.org\/?post_type=product&#038;p=87"},"modified":"2026-01-14T09:37:29","modified_gmt":"2026-01-14T09:37:29","slug":"chasuble-aube-et-etole","status":"publish","type":"product","link":"https:\/\/centreliturgie.org\/index.php\/produit\/chasuble-aube-et-etole\/","title":{"rendered":"Chasuble, aube et \u00e9tole"},"content":{"rendered":"<p>En toutes les p\u00e9riodes liturgiques, sous toutes les couleurs, une aube et une \u00e9tole assortie en blanc, vert, violet, rouge.<img loading=\"lazy\" decoding=\"async\" class=\"alignnone size-medium wp-image-88\" src=\"http:\/\/centreliturgie.org\/wp-content\/uploads\/2026\/01\/j-225x300.jpeg\" alt=\"\" width=\"225\" height=\"300\" srcset=\"https:\/\/centreliturgie.org\/wp-content\/uploads\/2026\/01\/j-225x300.jpeg 225w, https:\/\/centreliturgie.org\/wp-content\/uploads\/2026\/01\/j-600x800.jpeg 600w, https:\/\/centreliturgie.org\/wp-content\/uploads\/2026\/01\/j-768x1024.jpeg 768w, https:\/\/centreliturgie.org\/wp-content\/uploads\/2026\/01\/j.jpeg 810w\" sizes=\"auto, (max-width: 225px) 100vw, 225px\" \/> <img loading=\"lazy\" decoding=\"async\" class=\"alignnone size-medium wp-image-89\" src=\"http:\/\/centreliturgie.org\/wp-content\/uploads\/2026\/01\/WhatsApp-Image-2026-01-13-at-21.46.14-e-225x300.jpeg\" alt=\"\" width=\"225\" height=\"300\" srcset=\"https:\/\/centreliturgie.org\/wp-content\/uploads\/2026\/01\/WhatsApp-Image-2026-01-13-at-21.46.14-e-225x300.jpeg 225w, https:\/\/centreliturgie.org\/wp-content\/uploads\/2026\/01\/WhatsApp-Image-2026-01-13-at-21.46.14-e-600x800.jpeg 600w, https:\/\/centreliturgie.org\/wp-content\/uploads\/2026\/01\/WhatsApp-Image-2026-01-13-at-21.46.14-e-768x1024.jpeg 768w, https:\/\/centreliturgie.org\/wp-content\/uploads\/2026\/01\/WhatsApp-Image-2026-01-13-at-21.46.14-e.jpeg 810w\" sizes=\"auto, (max-width: 225px) 100vw, 225px\" \/> <img loading=\"lazy\" decoding=\"async\" class=\"alignnone size-medium wp-image-90\" src=\"http:\/\/centreliturgie.org\/wp-content\/uploads\/2026\/01\/WhatsApp-Image-2026-01-13-at-21.46.14-225x300.jpeg\" alt=\"\" width=\"225\" height=\"300\" srcset=\"https:\/\/centreliturgie.org\/wp-content\/uploads\/2026\/01\/WhatsApp-Image-2026-01-13-at-21.46.14-225x300.jpeg 225w, https:\/\/centreliturgie.org\/wp-content\/uploads\/2026\/01\/WhatsApp-Image-2026-01-13-at-21.46.14-600x800.jpeg 600w, https:\/\/centreliturgie.org\/wp-content\/uploads\/2026\/01\/WhatsApp-Image-2026-01-13-at-21.46.14-768x1024.jpeg 768w, https:\/\/centreliturgie.org\/wp-content\/uploads\/2026\/01\/WhatsApp-Image-2026-01-13-at-21.46.14.jpeg 810w\" sizes=\"auto, (max-width: 225px) 100vw, 225px\" \/> <img loading=\"lazy\" decoding=\"async\" class=\"alignnone size-medium wp-image-91\" src=\"http:\/\/centreliturgie.org\/wp-content\/uploads\/2026\/01\/WhatsApp-Image-2026-01-13-at-21.46.16b-225x300.jpeg\" alt=\"\" width=\"225\" height=\"300\" srcset=\"https:\/\/centreliturgie.org\/wp-content\/uploads\/2026\/01\/WhatsApp-Image-2026-01-13-at-21.46.16b-225x300.jpeg 225w, https:\/\/centreliturgie.org\/wp-content\/uploads\/2026\/01\/WhatsApp-Image-2026-01-13-at-21.46.16b-600x800.jpeg 600w, https:\/\/centreliturgie.org\/wp-content\/uploads\/2026\/01\/WhatsApp-Image-2026-01-13-at-21.46.16b-768x1024.jpeg 768w, https:\/\/centreliturgie.org\/wp-content\/uploads\/2026\/01\/WhatsApp-Image-2026-01-13-at-21.46.16b.jpeg 810w\" sizes=\"auto, (max-width: 225px) 100vw, 225px\" \/><\/p>\n","protected":false},"excerpt":{"rendered":"<p>P<img loading=\"lazy\" decoding=\"async\" class=\"alignnone size-medium wp-image-92\" src=\"http:\/\/centreliturgie.org\/wp-content\/uploads\/2026\/01\/WhatsApp-Image-2026-01-13-at-21.46.16c-225x300.jpeg\" alt=\"\" width=\"225\" height=\"300\" srcset=\"https:\/\/centreliturgie.org\/wp-content\/uploads\/2026\/01\/WhatsApp-Image-2026-01-13-at-21.46.16c-225x300.jpeg 225w, https:\/\/centreliturgie.org\/wp-content\/uploads\/2026\/01\/WhatsApp-Image-2026-01-13-at-21.46.16c-600x800.jpeg 600w, https:\/\/centreliturgie.org\/wp-content\/uploads\/2026\/01\/WhatsApp-Image-2026-01-13-at-21.46.16c-768x1024.jpeg 768w, https:\/\/centreliturgie.org\/wp-content\/uploads\/2026\/01\/WhatsApp-Image-2026-01-13-at-21.46.16c.jpeg 810w\" sizes=\"auto, (max-width: 225px) 100vw, 225px\" \/> <img loading=\"lazy\" decoding=\"async\" class=\"alignnone size-medium wp-image-93\" src=\"http:\/\/centreliturgie.org\/wp-content\/uploads\/2026\/01\/WhatsApp-Image-2026-01-13-at-21.46.16d-225x300.jpeg\" alt=\"\" width=\"225\" height=\"300\" srcset=\"https:\/\/centreliturgie.org\/wp-content\/uploads\/2026\/01\/WhatsApp-Image-2026-01-13-at-21.46.16d-225x300.jpeg 225w, https:\/\/centreliturgie.org\/wp-content\/uploads\/2026\/01\/WhatsApp-Image-2026-01-13-at-21.46.16d-600x800.jpeg 600w, https:\/\/centreliturgie.org\/wp-content\/uploads\/2026\/01\/WhatsApp-Image-2026-01-13-at-21.46.16d-768x1024.jpeg 768w, https:\/\/centreliturgie.org\/wp-content\/uploads\/2026\/01\/WhatsApp-Image-2026-01-13-at-21.46.16d.jpeg 810w\" sizes=\"auto, (max-width: 225px) 100vw, 225px\" \/> <img loading=\"lazy\" decoding=\"async\" class=\"alignnone size-medium wp-image-94\" src=\"http:\/\/centreliturgie.org\/wp-content\/uploads\/2026\/01\/WhatsApp-Image-2026-01-13-at-21.46.16f-225x300.jpeg\" alt=\"\" width=\"225\" height=\"300\" srcset=\"https:\/\/centreliturgie.org\/wp-content\/uploads\/2026\/01\/WhatsApp-Image-2026-01-13-at-21.46.16f-225x300.jpeg 225w, https:\/\/centreliturgie.org\/wp-content\/uploads\/2026\/01\/WhatsApp-Image-2026-01-13-at-21.46.16f-600x800.jpeg 600w, https:\/\/centreliturgie.org\/wp-content\/uploads\/2026\/01\/WhatsApp-Image-2026-01-13-at-21.46.16f-768x1024.jpeg 768w, https:\/\/centreliturgie.org\/wp-content\/uploads\/2026\/01\/WhatsApp-Image-2026-01-13-at-21.46.16f.jpeg 810w\" sizes=\"auto, (max-width: 225px) 100vw, 225px\" \/> <img loading=\"lazy\" decoding=\"async\" class=\"alignnone size-medium wp-image-95\" src=\"http:\/\/centreliturgie.org\/wp-content\/uploads\/2026\/01\/WhatsApp-Image-2026-01-13-at-21.46.16n-169x300.jpeg\" alt=\"\" width=\"169\" height=\"300\" srcset=\"https:\/\/centreliturgie.org\/wp-content\/uploads\/2026\/01\/WhatsApp-Image-2026-01-13-at-21.46.16n-169x300.jpeg 169w, https:\/\/centreliturgie.org\/wp-content\/uploads\/2026\/01\/WhatsApp-Image-2026-01-13-at-21.46.16n-600x1068.jpeg 600w, https:\/\/centreliturgie.org\/wp-content\/uploads\/2026\/01\/WhatsApp-Image-2026-01-13-at-21.46.16n-576x1024.jpeg 576w, https:\/\/centreliturgie.org\/wp-content\/uploads\/2026\/01\/WhatsApp-Image-2026-01-13-at-21.46.16n.jpeg 607w\" sizes=\"auto, (max-width: 169px) 100vw, 169px\" \/> <img loading=\"lazy\" decoding=\"async\" class=\"alignnone size-medium wp-image-96\" src=\"http:\/\/centreliturgie.org\/wp-content\/uploads\/2026\/01\/WhatsApp-Image-2026-01-13-at-21.46.16o-169x300.jpeg\" alt=\"\" width=\"169\" height=\"300\" srcset=\"https:\/\/centreliturgie.org\/wp-content\/uploads\/2026\/01\/WhatsApp-Image-2026-01-13-at-21.46.16o-169x300.jpeg 169w, https:\/\/centreliturgie.org\/wp-content\/uploads\/2026\/01\/WhatsApp-Image-2026-01-13-at-21.46.16o-600x1068.jpeg 600w, https:\/\/centreliturgie.org\/wp-content\/uploads\/2026\/01\/WhatsApp-Image-2026-01-13-at-21.46.16o-576x1024.jpeg 576w, https:\/\/centreliturgie.org\/wp-content\/uploads\/2026\/01\/WhatsApp-Image-2026-01-13-at-21.46.16o.jpeg 607w\" sizes=\"auto, (max-width: 169px) 100vw, 169px\" \/><\/p>\n<p>Chasubles pour : Temps ordinaire, Avent, Car\u00eame, P\u00e2ques, No\u00ebl&#8230;<\/p>\n","protected":false},"featured_media":88,"comment_status":"open","ping_status":"closed","template":"","meta":[],"product_brand":[],"product_cat":[20,21,19],"product_tag":[22],"class_list":{"0":"post-87","1":"product","2":"type-product","3":"status-publish","4":"has-post-thumbnail","6":"product_cat-aubes","7":"product_cat-chasubles","8":"product_cat-etoles","9":"product_tag-vetements-liturgiques","11":"first","12":"outofstock","13":"taxable","14":"shipping-taxable","15":"product-type-variable"},"jetpack_sharing_enabled":true,"_links":{"self":[{"href":"https:\/\/centreliturgie.org\/index.php\/wp-json\/wp\/v2\/product\/87","targetHints":{"allow":["GET"]}}],"collection":[{"href":"https:\/\/centreliturgie.org\/index.php\/wp-json\/wp\/v2\/product"}],"about":[{"href":"https:\/\/centreliturgie.org\/index.php\/wp-json\/wp\/v2\/types\/product"}],"replies":[{"embeddable":true,"href":"https:\/\/centreliturgie.org\/index.php\/wp-json\/wp\/v2\/comments?post=87"}],"wp:featuredmedia":[{"embeddable":true,"href":"https:\/\/centreliturgie.org\/index.php\/wp-json\/wp\/v2\/media\/88"}],"wp:attachment":[{"href":"https:\/\/centreliturgie.org\/index.php\/wp-json\/wp\/v2\/media?parent=87"}],"wp:term":[{"taxonomy":"product_brand","embeddable":true,"href":"https:\/\/centreliturgie.org\/index.php\/wp-json\/wp\/v2\/product_brand?post=87"},{"taxonomy":"product_cat","embeddable":true,"href":"https:\/\/centreliturgie.org\/index.php\/wp-json\/wp\/v2\/product_cat?post=87"},{"taxonomy":"product_tag","embeddable":true,"href":"https:\/\/centreliturgie.org\/index.php\/wp-json\/wp\/v2\/product_tag?post=87"}],"curies":[{"name":"wp","href":"https:\/\/api.w.org\/{rel}","templated":true}]}}